{"id":983,"date":"2015-11-30T14:14:45","date_gmt":"2015-11-30T14:14:45","guid":{"rendered":"https:\/\/www.cafeberwald.se\/?page_id=983"},"modified":"2016-10-03T15:02:19","modified_gmt":"2016-10-03T15:02:19","slug":"presentkort","status":"publish","type":"page","link":"https:\/\/www.cafeberwald.se\/?page_id=983","title":{"rendered":"Presentkort"},"content":{"rendered":"<p><strong><a href=\"https:\/\/www.cafeberwald.se\/wp-content\/uploads\/2015\/11\/Presentkort.gif\"><img loading=\"lazy\" decoding=\"async\" class=\"alignright size-full wp-image-988\" src=\"https:\/\/www.cafeberwald.se\/wp-content\/uploads\/2015\/11\/Presentkort.gif\" alt=\"Presentkort\" width=\"250\" height=\"250\" \/><\/a>Nu kan du \u00e4ntligen k\u00f6pa presentkort till Bar &amp; Caf\u00e9 Berwald!<\/strong><\/p>\n<p>Ska du ge bort konsertbiljetter i present? G\u00f6r g\u00e5van till en helhetsupplevelse genom att addera en trevlig m\u00e5ltid f\u00f6re konserten eller dryck och tilltugg i pausen! Vi erbjuder nu presentkort i val\u00f6ren 100 kronor, s\u00e5 du v\u00e4ljer sj\u00e4lv om du vill ge bort 100 kr, 200 kr eller mer. Du k\u00f6per presentkorten i n\u00e5gon av caf\u00e9kassorna under v\u00e5ra ordinarie \u00f6ppettider.<\/p>\n<ul>\n<li>Presentkorten g\u00e4ller som betalning f\u00f6r mat och dryck i Bar &amp; Caf\u00e9 Berwald under ordinarie \u00f6ppettider.\u00a0Presentkorten kan ej anv\u00e4ndas som betalning f\u00f6r <em>Berwaldhallens<\/em> biljetter.<\/li>\n<li>Presentkorten finns i val\u00f6ren 100 kr och \u00e4r giltiga 1 \u00e5r fr\u00e5n utf\u00e4rdat datum.<\/li>\n<li>K\u00f6pet vid inl\u00f6sen m\u00e5ste minst uppg\u00e5 till val\u00f6ren p\u00e5 presentkortet (dvs ingen v\u00e4xel ges tillbaka)<\/li>\n<li>N\u00e4r giltighetstiden har g\u00e5tt ut \u00e4r det inte l\u00e4ngre m\u00f6jligt att anv\u00e4nda presentkorten som betalningsmedel. Det \u00e4r heller inte m\u00f6jligt att returnera giltiga presentkort eller byta val\u00f6r p\u00e5 dem.<\/li>\n<li>Presentkorten kan ej bytas mot kontanter eller anv\u00e4ndas som betalning f\u00f6r nya presentkort.<\/li>\n<li>Bar &amp; Caf\u00e9 Berwald har \u00f6ppet tv\u00e5 timmar f\u00f6re konsert samt i eventuell paus.<\/li>\n<li>F\u00f6retag kan k\u00f6pa presentkort mot faktura,\u00a0<a href=\"mailto:ekonomi@elwingcatering.se\" target=\"_blank\">kontakta oss via e-post.<\/a><\/li>\n<\/ul>\n","protected":false},"excerpt":{"rendered":"<p>Nu kan du \u00e4ntligen k\u00f6pa presentkort till Bar &amp; Caf\u00e9 Berwald! Ska du ge bort konsertbiljetter i present? G\u00f6r g\u00e5van till en helhetsupplevelse genom att addera en trevlig m\u00e5ltid f\u00f6re konserten eller dryck och tilltugg i pausen! Vi erbjuder nu presentkort i val\u00f6ren 100 kronor, s\u00e5 du v\u00e4ljer sj\u00e4lv om du vill ge bort 100 [&hellip;]<\/p>\n","protected":false},"author":1,"featured_media":0,"parent":0,"menu_order":0,"comment_status":"closed","ping_status":"closed","template":"","meta":{"footnotes":""},"class_list":["post-983","page","type-page","status-publish","hentry"],"_links":{"self":[{"href":"https:\/\/www.cafeberwald.se\/index.php?rest_route=\/wp\/v2\/pages\/983","targetHints":{"allow":["GET"]}}],"collection":[{"href":"https:\/\/www.cafeberwald.se\/index.php?rest_route=\/wp\/v2\/pages"}],"about":[{"href":"https:\/\/www.cafeberwald.se\/index.php?rest_route=\/wp\/v2\/types\/page"}],"author":[{"embeddable":true,"href":"https:\/\/www.cafeberwald.se\/index.php?rest_route=\/wp\/v2\/users\/1"}],"replies":[{"embeddable":true,"href":"https:\/\/www.cafeberwald.se\/index.php?rest_route=%2Fwp%2Fv2%2Fcomments&post=983"}],"version-history":[{"count":9,"href":"https:\/\/www.cafeberwald.se\/index.php?rest_route=\/wp\/v2\/pages\/983\/revisions"}],"predecessor-version":[{"id":1552,"href":"https:\/\/www.cafeberwald.se\/index.php?rest_route=\/wp\/v2\/pages\/983\/revisions\/1552"}],"wp:attachment":[{"href":"https:\/\/www.cafeberwald.se\/index.php?rest_route=%2Fwp%2Fv2%2Fmedia&parent=983"}],"curies":[{"name":"wp","href":"https:\/\/api.w.org\/{rel}","templated":true}]}}