{"id":6,"date":"2014-01-23T18:04:58","date_gmt":"2014-01-23T18:04:58","guid":{"rendered":"http:\/\/www.drinktilltugg.se\/?page_id=6"},"modified":"2026-02-06T14:21:58","modified_gmt":"2026-02-06T14:21:58","slug":"aktuella-menyer","status":"publish","type":"page","link":"https:\/\/www.cafeberwald.se\/?page_id=6","title":{"rendered":"Aktuella menyer"},"content":{"rendered":"<div class=\"wp-block-image\">\n<figure class=\"alignleft\"><a href=\"https:\/\/www.cafeberwald.se\/wp-content\/uploads\/2026\/02\/ekologisk-kycklingtallrik-feb-2026.jpg\"><img loading=\"lazy\" decoding=\"async\" width=\"300\" height=\"300\" src=\"https:\/\/www.cafeberwald.se\/wp-content\/uploads\/2026\/02\/ekologisk-kycklingtallrik-feb-2026-300x300.jpg\" alt=\"\" class=\"wp-image-4847\" srcset=\"https:\/\/www.cafeberwald.se\/wp-content\/uploads\/2026\/02\/ekologisk-kycklingtallrik-feb-2026-300x300.jpg 300w, https:\/\/www.cafeberwald.se\/wp-content\/uploads\/2026\/02\/ekologisk-kycklingtallrik-feb-2026-150x150.jpg 150w, https:\/\/www.cafeberwald.se\/wp-content\/uploads\/2026\/02\/ekologisk-kycklingtallrik-feb-2026.jpg 600w\" sizes=\"auto, (max-width: 300px) 100vw, 300px\" \/><\/a><\/figure>\n<\/div>\n\n\n<p class=\"has-text-align-left\"><strong style=\"color: #ff00ff; font-size: revert;\"><span style=\"line-height: 1.714285714; font-size: 1rem;\"><strong style=\"line-height: 1.714285714; font-size: 1rem;\"><strong data-wp-editing=\"1\"><\/strong><\/strong><\/span><\/strong><strong><span style=\"line-height: 1.714285714; font-size: 1rem;\"><a title=\"Meny Bubbel\" href=\"https:\/\/www.cafeberwald.se\/?page_id=1787\" target=\"_blank\" rel=\"noopener noreferrer\">Meny Parkett plan<\/a><\/span><span style=\"line-height: 1.714285714; font-size: 1rem;\"><a title=\"Meny Bubbel\" href=\"https:\/\/www.cafeberwald.se\/?page_id=1787\" target=\"_blank\" rel=\"noopener noreferrer\"> -1<\/a><\/span><\/strong><\/p>\n\n\n\n<p><strong><a href=\"https:\/\/www.cafeberwald.se\/?page_id=1690\" target=\"_blank\" rel=\"noopener noreferrer\">Meny Bubbel entr\u00e9plan<\/a><\/strong><\/p>\n\n\n\n<p><a href=\"https:\/\/www.cafeberwald.se\/?page_id=1790\" target=\"_blank\" rel=\"noopener noreferrer\"><b>Meny Mingel plan<\/b> +1<\/a><\/p>\n\n\n\n<p><strong><a href=\"https:\/\/www.cafeberwald.se\/?page_id=268\" target=\"_blank\" rel=\"noopener noreferrer\">Barnkonsertmeny<\/a><\/strong><\/p>\n\n\n\n<p><a title=\"Matbokning\" href=\"https:\/\/www.cafeberwald.se\/?page_id=4002\" target=\"_blank\" rel=\"noopener noreferrer\">Klicka h\u00e4r f\u00f6r att l\u00e4sa mer om hur du bokar mat!<\/a><\/p>\n\n\n\n<p>Pausf\u00f6rt\u00e4ring bokas och betalas p\u00e5 plats!<\/p>\n\n\n\n<p><strong>OBS! Vissa konserter har <em>externa arrang\u00f6rer. <\/em><em>Vid dessa konserter \u00e4r menyn ibland f\u00f6r\u00e4ndrad<\/em>.<\/strong> Vilka konserter det \u00e4r framg\u00e5r p\u00e5 <a href=\"http:\/\/www.berwaldhallen.se\/\" target=\"_blank\" rel=\"noopener noreferrer\">Berwaldhallens websida<\/a>. N\u00e5gra av dem finns det publicerade menyer f\u00f6r ovan.&nbsp;<a title=\"Kontakt\" href=\"https:\/\/www.cafeberwald.se\/?page_id=41\" target=\"_blank\" rel=\"noopener noreferrer\">Kontakta oss<\/a> f\u00f6r mer information kring menyn!<\/p>\n\n\n\n<p><span style=\"line-height: 1.714285714; font-size: 1rem;\">&nbsp;<\/span><\/p>\n\n\n\n<p><\/p>\n\n\n\n<p><\/p>\n","protected":false},"excerpt":{"rendered":"<p>Meny Parkett plan -1 Meny Bubbel entr\u00e9plan Meny Mingel plan +1 Barnkonsertmeny Klicka h\u00e4r f\u00f6r att l\u00e4sa mer om hur du bokar mat! Pausf\u00f6rt\u00e4ring bokas och betalas p\u00e5 plats! OBS! Vissa konserter har externa arrang\u00f6rer. Vid dessa konserter \u00e4r menyn ibland f\u00f6r\u00e4ndrad. Vilka konserter det \u00e4r framg\u00e5r p\u00e5 Berwaldhallens websida. N\u00e5gra av dem finns det [&hellip;]<\/p>\n","protected":false},"author":1,"featured_media":0,"parent":0,"menu_order":0,"comment_status":"closed","ping_status":"closed","template":"","meta":{"footnotes":""},"class_list":["post-6","page","type-page","status-publish","hentry"],"_links":{"self":[{"href":"https:\/\/www.cafeberwald.se\/index.php?rest_route=\/wp\/v2\/pages\/6","targetHints":{"allow":["GET"]}}],"collection":[{"href":"https:\/\/www.cafeberwald.se\/index.php?rest_route=\/wp\/v2\/pages"}],"about":[{"href":"https:\/\/www.cafeberwald.se\/index.php?rest_route=\/wp\/v2\/types\/page"}],"author":[{"embeddable":true,"href":"https:\/\/www.cafeberwald.se\/index.php?rest_route=\/wp\/v2\/users\/1"}],"replies":[{"embeddable":true,"href":"https:\/\/www.cafeberwald.se\/index.php?rest_route=%2Fwp%2Fv2%2Fcomments&post=6"}],"version-history":[{"count":280,"href":"https:\/\/www.cafeberwald.se\/index.php?rest_route=\/wp\/v2\/pages\/6\/revisions"}],"predecessor-version":[{"id":4849,"href":"https:\/\/www.cafeberwald.se\/index.php?rest_route=\/wp\/v2\/pages\/6\/revisions\/4849"}],"wp:attachment":[{"href":"https:\/\/www.cafeberwald.se\/index.php?rest_route=%2Fwp%2Fv2%2Fmedia&parent=6"}],"curies":[{"name":"wp","href":"https:\/\/api.w.org\/{rel}","templated":true}]}}