{"id":41,"date":"2014-01-23T18:54:52","date_gmt":"2014-01-23T18:54:52","guid":{"rendered":"http:\/\/www.drinktilltugg.se\/?page_id=41"},"modified":"2024-10-14T12:07:38","modified_gmt":"2024-10-14T12:07:38","slug":"kontakt","status":"publish","type":"page","link":"https:\/\/www.cafeberwald.se\/?page_id=41","title":{"rendered":"Kontakt"},"content":{"rendered":"<p style=\"text-align: left;\" align=\"center\"><strong><a href=\"https:\/\/www.cafeberwald.se\/wp-content\/uploads\/2014\/01\/Kontakta-oss-2014.jpg\"><img loading=\"lazy\" decoding=\"async\" class=\"alignright size-full wp-image-127\" src=\"https:\/\/www.cafeberwald.se\/wp-content\/uploads\/2014\/01\/Kontakta-oss-2014.jpg\" alt=\"Kontakta oss 2014\" width=\"250\" height=\"250\" srcset=\"https:\/\/www.cafeberwald.se\/wp-content\/uploads\/2014\/01\/Kontakta-oss-2014.jpg 250w, https:\/\/www.cafeberwald.se\/wp-content\/uploads\/2014\/01\/Kontakta-oss-2014-150x150.jpg 150w\" sizes=\"auto, (max-width: 250px) 100vw, 250px\" \/><\/a><\/strong><strong>Mail:<\/strong> cafe.berwald@elwingcatering.se<\/p>\n<p><strong>Bes\u00f6ksadress:<\/strong> Dag Hammarskj\u00f6lds v\u00e4g 3, 115 27 Stockholm<\/p>\n<p style=\"text-align: left;\" align=\"center\">\u00d6ppettider: Tv\u00e5 timmar innan varje\u00a0f\u00f6rest\u00e4llning och i paus. F\u00f6r konsertdagar se <a title=\"Berwaldhallen\" href=\"http:\/\/www.berwaldhallen.se\" target=\"_blank\" rel=\"noopener noreferrer\">www.berwaldhallen.se<\/a><\/p>\n<p style=\"text-align: left;\" align=\"center\"><a href=\"https:\/\/www.cafeberwald.se\/?page_id=4002\">Klicka h\u00e4r om du vill boka mat!<\/a><\/p>\n","protected":false},"excerpt":{"rendered":"<p>Mail: cafe.berwald@elwingcatering.se Bes\u00f6ksadress: Dag Hammarskj\u00f6lds v\u00e4g 3, 115 27 Stockholm \u00d6ppettider: Tv\u00e5 timmar innan varje\u00a0f\u00f6rest\u00e4llning och i paus. F\u00f6r konsertdagar se www.berwaldhallen.se Klicka h\u00e4r om du vill boka mat!<\/p>\n","protected":false},"author":1,"featured_media":0,"parent":0,"menu_order":0,"comment_status":"closed","ping_status":"closed","template":"","meta":{"footnotes":""},"class_list":["post-41","page","type-page","status-publish","hentry"],"_links":{"self":[{"href":"https:\/\/www.cafeberwald.se\/index.php?rest_route=\/wp\/v2\/pages\/41","targetHints":{"allow":["GET"]}}],"collection":[{"href":"https:\/\/www.cafeberwald.se\/index.php?rest_route=\/wp\/v2\/pages"}],"about":[{"href":"https:\/\/www.cafeberwald.se\/index.php?rest_route=\/wp\/v2\/types\/page"}],"author":[{"embeddable":true,"href":"https:\/\/www.cafeberwald.se\/index.php?rest_route=\/wp\/v2\/users\/1"}],"replies":[{"embeddable":true,"href":"https:\/\/www.cafeberwald.se\/index.php?rest_route=%2Fwp%2Fv2%2Fcomments&post=41"}],"version-history":[{"count":48,"href":"https:\/\/www.cafeberwald.se\/index.php?rest_route=\/wp\/v2\/pages\/41\/revisions"}],"predecessor-version":[{"id":4501,"href":"https:\/\/www.cafeberwald.se\/index.php?rest_route=\/wp\/v2\/pages\/41\/revisions\/4501"}],"wp:attachment":[{"href":"https:\/\/www.cafeberwald.se\/index.php?rest_route=%2Fwp%2Fv2%2Fmedia&parent=41"}],"curies":[{"name":"wp","href":"https:\/\/api.w.org\/{rel}","templated":true}]}}