{"id":4002,"date":"2023-03-02T09:52:10","date_gmt":"2023-03-02T09:52:10","guid":{"rendered":"https:\/\/www.cafeberwald.se\/?page_id=4002"},"modified":"2025-12-30T16:44:34","modified_gmt":"2025-12-30T16:44:34","slug":"boka-mat-infor-ditt-konsertbesok","status":"publish","type":"page","link":"https:\/\/www.cafeberwald.se\/?page_id=4002","title":{"rendered":"Matbokning inf\u00f6r konsert"},"content":{"rendered":"<p><script type=\"text\/javascript\" src=\"https:\/\/www.bokabord.se\/widget.min.js\"><\/script><\/p>\n\n\n<p><em>P\u00e5 <a href=\"https:\/\/www.cafeberwald.se\/?page_id=1787\" target=\"_blank\" rel=\"noreferrer noopener\">Parkett (v\u00e5n -1)<\/a> serverar vi b\u00e5de varm och kall mat. P\u00e5 <a href=\"https:\/\/www.cafeberwald.se\/?page_id=1790\" data-type=\"URL\" data-id=\"https:\/\/www.cafeberwald.se\/?page_id=1790\" target=\"_blank\" rel=\"noreferrer noopener\">Mingel (v\u00e5n +1)<\/a> hittar du kall mat. <\/em><\/p>\n\n\n\n<p><\/p>\n\n\n\n<h4 class=\"wp-block-heading\">S\u00e5 h\u00e4r bokar du mat<\/h4>\n\n\n\n<p>Best\u00e4m f\u00f6rst var du vill sitta, p\u00e5 Parkett (v\u00e5n -1) eller Mingel (v\u00e5n +1), samt v\u00e4lj knapp f\u00f6r vilken veckodag du vill komma t ex Mingel (v\u00e5n +1) m\u00e5ndag-l\u00f6rdag. D\u00e4refter letar du upp \u00f6nskat datum i kalendern, v\u00e4ljer mat och eventuella tillval och slutf\u00f6r din bokning. Dryck best\u00e4lls p\u00e5 plats! N\u00e4r du genomf\u00f6rt bokningen f\u00e5r du en bekr\u00e4ftelse via mail.<\/p>\n\n\n\n<p class=\"has-vivid-red-color has-text-color has-link-color wp-elements-c9365267f914bd71ea50e5e539e3962b\"><\/p>\n\n\n<p><span style=\"color: #0000ff;\"><strong>\u00a0\u00a0<\/strong><\/span><span style=\"color: #ff0000;\"><b>\u00a0<\/b><\/span><span style=\"color: #0000ff;\"><i>\u00a0 <\/i><\/span><button class=\"waiteraid-widget\" style=\"background: #4169e1; color: white; font-size: 20px;\" data-hash=\"56ae87e83781b067c654b319f831102a\">Klicka h\u00e4r f\u00f6r att Boka mat<\/button><\/p>\n\n\n<p>Om du inte hittar din f\u00f6rest\u00e4llning i kalendern kan det vara f\u00f6r att vi inte hunnit l\u00e4gga ut detta datum \u00e4nnu. Vi str\u00e4var efter att ha \u00f6ppnat bokningen minst en m\u00e5nad innan f\u00f6rest\u00e4llningen.<br>Vid barnf\u00f6rest\u00e4llningar samt vissa externa f\u00f6rest\u00e4llningar beh\u00f6ver du inte f\u00f6rboka, du hittar d\u00e5 information vid aktuellt datum i kalendern (&#8220;Inga f\u00f6rbokningar denna dag&#8221;). Ibland \u00e4r endast en v\u00e5ning \u00f6ppen, d\u00e5 hittar du ingen kalenderpost om du g\u00e5tt in p\u00e5 en st\u00e4ngd v\u00e5ning i steg 1. De dagar vi h\u00e5ller \u00f6ppet \u00e4r Parkettv\u00e5ningens servering alltid \u00f6ppen. <\/p>\n\n\n\n<p>Om n\u00e5gon i s\u00e4llskapet har en allergi ber vi denne i f\u00f6rsta hand att v\u00e4lja ett menyalternativ som denne kan \u00e4ta. Detta p\u00e5 grund av att vi har ett begr\u00e4nsat k\u00f6k och f\u00e5 m\u00f6jligheter till att g\u00f6ra \u00e4ndringar i befintliga r\u00e4tter.<\/p>\n\n\n\n<p>F\u00f6rdelen med att g\u00f6ra en matbokning \u00e4r att vi d\u00e5 samtidigt reserverar ett bord till dig och ditt s\u00e4llskap och du \u00e4r s\u00e4ker p\u00e5 att din favoritr\u00e4tt finns d\u00e4r f\u00f6r dig n\u00e4r du kommer. Du bokar <strong>mat <\/strong>i f\u00f6rv\u00e4g s\u00e5 att allt finns klart att betalas och avh\u00e4mtas i caf\u00e9kassan p\u00e5 valt plan n\u00e4r du anl\u00e4nder. Vi rekommenderar dig att du g\u00f6r din matbokning i god tid f\u00f6r att bli garanterad en plats, <strong>dock senast 24 timmar f\u00f6re \u00f6nskad ankomst vid konsert m\u00e5-fre (senast f\u00f6rbokningsbara tid \u00e4r en timme f\u00f6re konsert). Matbokning till l\u00f6rdags- och s\u00f6ndagskonserter g\u00f6rs senast fredagar kl.12.00<\/strong>. <em><strong><span style=\"color: #0000ff;\">\u00d6nskar du endast dryck\/fika\/snacks \u00e4r du v\u00e4lkommen att handla vid ankomst.<\/span><\/strong><\/em> <strong>Det finns alltid ett visst antal ej f\u00f6rbokningsbara bord f\u00f6r drop-in, men kom i tid!<\/strong><\/p>\n\n\n\n<p><\/p>\n","protected":false},"excerpt":{"rendered":"<p>P\u00e5 Parkett (v\u00e5n -1) serverar vi b\u00e5de varm och kall mat. P\u00e5 Mingel (v\u00e5n +1) hittar du kall mat. S\u00e5 h\u00e4r bokar du mat Best\u00e4m f\u00f6rst var du vill sitta, p\u00e5 Parkett (v\u00e5n -1) eller Mingel (v\u00e5n +1), samt v\u00e4lj knapp f\u00f6r vilken veckodag du vill komma t ex Mingel (v\u00e5n +1) m\u00e5ndag-l\u00f6rdag. D\u00e4refter letar [&hellip;]<\/p>\n","protected":false},"author":1,"featured_media":0,"parent":0,"menu_order":0,"comment_status":"closed","ping_status":"closed","template":"","meta":{"footnotes":""},"class_list":["post-4002","page","type-page","status-publish","hentry"],"_links":{"self":[{"href":"https:\/\/www.cafeberwald.se\/index.php?rest_route=\/wp\/v2\/pages\/4002","targetHints":{"allow":["GET"]}}],"collection":[{"href":"https:\/\/www.cafeberwald.se\/index.php?rest_route=\/wp\/v2\/pages"}],"about":[{"href":"https:\/\/www.cafeberwald.se\/index.php?rest_route=\/wp\/v2\/types\/page"}],"author":[{"embeddable":true,"href":"https:\/\/www.cafeberwald.se\/index.php?rest_route=\/wp\/v2\/users\/1"}],"replies":[{"embeddable":true,"href":"https:\/\/www.cafeberwald.se\/index.php?rest_route=%2Fwp%2Fv2%2Fcomments&post=4002"}],"version-history":[{"count":53,"href":"https:\/\/www.cafeberwald.se\/index.php?rest_route=\/wp\/v2\/pages\/4002\/revisions"}],"predecessor-version":[{"id":4803,"href":"https:\/\/www.cafeberwald.se\/index.php?rest_route=\/wp\/v2\/pages\/4002\/revisions\/4803"}],"wp:attachment":[{"href":"https:\/\/www.cafeberwald.se\/index.php?rest_route=%2Fwp%2Fv2%2Fmedia&parent=4002"}],"curies":[{"name":"wp","href":"https:\/\/api.w.org\/{rel}","templated":true}]}}