{"id":268,"date":"2014-09-03T11:16:54","date_gmt":"2014-09-03T11:16:54","guid":{"rendered":"https:\/\/www.cafeberwald.se\/?page_id=268"},"modified":"2026-04-07T12:04:42","modified_gmt":"2026-04-07T12:04:42","slug":"barnkonsert","status":"publish","type":"page","link":"https:\/\/www.cafeberwald.se\/?page_id=268","title":{"rendered":"Barnkonsertmeny"},"content":{"rendered":"\n<p>Ingen f\u00f6rbokning beh\u00f6vs till barnkonsert, v\u00e4lkommen att bes\u00f6ka oss p\u00e5 plats!<\/p>\n\n\n\n<ul class=\"wp-block-list\">\n<li>Korv med br\u00f6d (senap, ketchup &amp; rostad l\u00f6k) 30 kr<\/li>\n\n\n\n<li>Minifralla med ost &amp; gr\u00f6nsaker 38 kr<\/li>\n\n\n\n<li>Minifralla med skinka &amp; gr\u00f6nsaker 45 kr<\/li>\n\n\n\n<li>Smoothie 35 kr<em>&nbsp;<\/em><\/li>\n<\/ul>\n\n\n\n<p><b>DESSERT<\/b><br> Lollos \u00e4ppelkaka med vaniljf\u00e4rskost 65 kr<br> Kokos\/Mango\/Passion bakelse 75 kr <\/p>\n\n\n\n<p><b>SNACKS<br> <\/b>Saltrostade mandlar 48 kr<br> Tryffelchips 45 kr<br> Lantchips 38 kr<\/p>\n\n\n\n<p><b>FIKABR\u00d6D<br> <\/b>Blandade fikabr\u00f6d bl a cake-pop, kanelbulle, k\u00e4rleksmums, vaniljhj\u00e4rta &amp; dammsugare 42 kr<\/p>\n\n\n\n<p><b>GODIS<\/b><br>Elwings godisburk<i>&nbsp;<\/i>35 kr<br>Malm\u00f6 choklad (25 gr), olika smaker&nbsp;<strong><strong>Fairtrade &amp; EKO<\/strong><a href=\"https:\/\/www.cafeberwald.se\/wp-content\/uploads\/2015\/03\/Noga_Utvalt_RGB-MINI-WEB.gif\"><\/a><\/strong>&nbsp;27 kr&nbsp;<br>Plopp (50 gr), <strong>Rainforest alliance<a href=\"https:\/\/www.cafeberwald.se\/wp-content\/uploads\/2015\/03\/Noga_Utvalt_RGB-MINI-WEB.gif\"><\/a><\/strong> <b><a href=\"https:\/\/www.cafeberwald.se\/wp-content\/uploads\/2015\/03\/Noga_Utvalt_RGB-MINI-WEB.gif\"><img loading=\"lazy\" decoding=\"async\" width=\"15\" height=\"15\" src=\"https:\/\/www.cafeberwald.se\/wp-content\/uploads\/2015\/03\/Noga_Utvalt_RGB-MINI-WEB.gif\" alt=\"Noga_Utvalt_RGB-MINI-WEB\"><\/a><\/b> 28 kr <br>Kexchoklad, <strong>UTZ-certifierad<\/strong>&nbsp; <b><a href=\"https:\/\/www.cafeberwald.se\/wp-content\/uploads\/2015\/03\/Noga_Utvalt_RGB-MINI-WEB.gif\"><img loading=\"lazy\" decoding=\"async\" width=\"15\" height=\"15\" src=\"https:\/\/www.cafeberwald.se\/wp-content\/uploads\/2015\/03\/Noga_Utvalt_RGB-MINI-WEB.gif\" alt=\"Noga_Utvalt_RGB-MINI-WEB\"><\/a><\/b> 25 kr<br>Halstablett L\u00e4kerol 23 kr<br>Chokladbit&nbsp;<i>Elwing &amp; Co. <\/i>8 kr <br>Tablettask barn 15 kr<br>Fruktklubba 8 kr<\/p>\n\n\n\n<p><b>KAFFE \u2013 TE<br> <\/b>Kaffe&nbsp;<i>Arvid Nordquist,&nbsp;<\/i><b>100 % CO2-kompenserat &amp; EKO<\/b>*&nbsp;<a href=\"https:\/\/www.cafeberwald.se\/wp-content\/uploads\/2015\/03\/Noga_Utvalt_RGB-MINI-WEB.gif\"><img loading=\"lazy\" decoding=\"async\" width=\"15\" height=\"15\" src=\"https:\/\/www.cafeberwald.se\/wp-content\/uploads\/2015\/03\/Noga_Utvalt_RGB-MINI-WEB.gif\" alt=\"Noga_Utvalt_RGB-MINI-WEB\"><\/a> 38 kr<br> Elwings svarta eller gr\u00f6na te,&nbsp;<b>Fairtrade &amp; EKO<\/b>*&nbsp;<a href=\"https:\/\/www.cafeberwald.se\/wp-content\/uploads\/2015\/03\/Noga_Utvalt_RGB-MINI-WEB.gif\"><img loading=\"lazy\" decoding=\"async\" width=\"15\" height=\"15\" src=\"https:\/\/www.cafeberwald.se\/wp-content\/uploads\/2015\/03\/Noga_Utvalt_RGB-MINI-WEB.gif\" alt=\"Noga_Utvalt_RGB-MINI-WEB\"><\/a> 38 kr<\/p>\n\n\n\n<p><em>*Serveras med mj\u00f6lk<\/em><\/p>\n\n\n\n<p><b>ALKOHOLFRITT<\/b><br>\u00c4ppelmust olika smaker, fl 27,5 cl <b><a href=\"https:\/\/www.cafeberwald.se\/wp-content\/uploads\/2015\/03\/Noga_Utvalt_RGB-MINI-WEB.gif\"><img loading=\"lazy\" decoding=\"async\" width=\"15\" height=\"15\" src=\"https:\/\/www.cafeberwald.se\/wp-content\/uploads\/2015\/03\/Noga_Utvalt_RGB-MINI-WEB.gif\" alt=\"Noga_Utvalt_RGB-MINI-WEB\"><\/a><\/b> 49 kr<br>Coca cola, Coca cola Zero, fl 33 cl, 35 kr<br>Nyg\u00e5rda l\u00e4sk, olika smaker, fl 33 cl, 35 kr<br>LOKA, kolsyrat naturell<em>, fl 50 cl<\/em><strong><a href=\"https:\/\/www.cafeberwald.se\/wp-content\/uploads\/2015\/03\/Noga_Utvalt_RGB-MINI-WEB.gif\"><\/a>&nbsp;<\/strong><b><a href=\"https:\/\/www.cafeberwald.se\/wp-content\/uploads\/2015\/03\/Noga_Utvalt_RGB-MINI-WEB.gif\"><img loading=\"lazy\" decoding=\"async\" width=\"15\" height=\"15\" src=\"https:\/\/www.cafeberwald.se\/wp-content\/uploads\/2015\/03\/Noga_Utvalt_RGB-MINI-WEB.gif\" alt=\"Noga_Utvalt_RGB-MINI-WEB\"><\/a><\/b> 35 kr<br>Smil tetradricka, olika smaker, tetra 20 cl, 22 kr <br><em>Alkoholfritt<\/em> mousserande 99 kr<br><em>Alkoholfri<\/em> lager, Mariestad, fl 33 cl 60 kr<br><em>Alkoholfri<\/em> IPA, Easy Rider Bulldog, fl 33 cl 60 kr<br>Gr\u00e4ngesberg l\u00e4tt\u00f6l, <strong>EKO <\/strong><b><a href=\"https:\/\/www.cafeberwald.se\/wp-content\/uploads\/2015\/03\/Noga_Utvalt_RGB-MINI-WEB.gif\"><img loading=\"lazy\" decoding=\"async\" width=\"15\" height=\"15\" src=\"https:\/\/www.cafeberwald.se\/wp-content\/uploads\/2015\/03\/Noga_Utvalt_RGB-MINI-WEB.gif\" alt=\"Noga_Utvalt_RGB-MINI-WEB\"><\/a><\/b> 35 kr<\/p>\n\n\n\n<p><\/p>\n\n\n\n<p><em>Information om allergener finns i varje servering, prata med v\u00e5r personal om du har fr\u00e5gor!<\/em><\/p>\n\n\n\n<p>L\u00e4s mer om<a href=\"https:\/\/www.cafeberwald.se\/?page_id=697\" target=\"_blank\" rel=\"noreferrer noopener\"> Noga utvalt av Elwing &amp; Co.<\/a> <b><a href=\"https:\/\/www.cafeberwald.se\/wp-content\/uploads\/2015\/03\/Noga_Utvalt_RGB-MINI-WEB.gif\"><img loading=\"lazy\" decoding=\"async\" width=\"15\" height=\"15\" src=\"https:\/\/www.cafeberwald.se\/wp-content\/uploads\/2015\/03\/Noga_Utvalt_RGB-MINI-WEB.gif\" alt=\"Noga_Utvalt_RGB-MINI-WEB\"><\/a><\/b><\/p>\n","protected":false},"excerpt":{"rendered":"<p>Ingen f\u00f6rbokning beh\u00f6vs till barnkonsert, v\u00e4lkommen att bes\u00f6ka oss p\u00e5 plats! DESSERT Lollos \u00e4ppelkaka med vaniljf\u00e4rskost 65 kr Kokos\/Mango\/Passion bakelse 75 kr SNACKS Saltrostade mandlar 48 kr Tryffelchips 45 kr Lantchips 38 kr FIKABR\u00d6D Blandade fikabr\u00f6d bl a cake-pop, kanelbulle, k\u00e4rleksmums, vaniljhj\u00e4rta &amp; dammsugare 42 kr GODISElwings godisburk&nbsp;35 krMalm\u00f6 choklad (25 gr), olika smaker&nbsp;Fairtrade &amp; [&hellip;]<\/p>\n","protected":false},"author":1,"featured_media":0,"parent":0,"menu_order":0,"comment_status":"closed","ping_status":"closed","template":"","meta":{"footnotes":""},"class_list":["post-268","page","type-page","status-publish","hentry"],"_links":{"self":[{"href":"https:\/\/www.cafeberwald.se\/index.php?rest_route=\/wp\/v2\/pages\/268","targetHints":{"allow":["GET"]}}],"collection":[{"href":"https:\/\/www.cafeberwald.se\/index.php?rest_route=\/wp\/v2\/pages"}],"about":[{"href":"https:\/\/www.cafeberwald.se\/index.php?rest_route=\/wp\/v2\/types\/page"}],"author":[{"embeddable":true,"href":"https:\/\/www.cafeberwald.se\/index.php?rest_route=\/wp\/v2\/users\/1"}],"replies":[{"embeddable":true,"href":"https:\/\/www.cafeberwald.se\/index.php?rest_route=%2Fwp%2Fv2%2Fcomments&post=268"}],"version-history":[{"count":96,"href":"https:\/\/www.cafeberwald.se\/index.php?rest_route=\/wp\/v2\/pages\/268\/revisions"}],"predecessor-version":[{"id":4879,"href":"https:\/\/www.cafeberwald.se\/index.php?rest_route=\/wp\/v2\/pages\/268\/revisions\/4879"}],"wp:attachment":[{"href":"https:\/\/www.cafeberwald.se\/index.php?rest_route=%2Fwp%2Fv2%2Fmedia&parent=268"}],"curies":[{"name":"wp","href":"https:\/\/api.w.org\/{rel}","templated":true}]}}