{"id":189,"date":"2014-08-18T12:33:34","date_gmt":"2014-08-18T12:33:34","guid":{"rendered":"https:\/\/www.cafeberwald.se\/?page_id=189"},"modified":"2022-02-08T15:09:00","modified_gmt":"2022-02-08T15:09:00","slug":"press","status":"publish","type":"page","link":"https:\/\/www.cafeberwald.se\/?page_id=189","title":{"rendered":"Press"},"content":{"rendered":"<p style=\"text-align: left;\"><em>H\u00e5llbara restaurangers hemsida 2018-09-17<\/em><br \/>\nVi \u00e4r nominerade och har g\u00e5tt till final i kategorin <a href=\"http:\/\/xn--hllbararestauranger-0wb.se\/hallbara-restauranger\/finalister-i-fem-priskategorier\/\" target=\"_blank\" rel=\"noopener noreferrer\">&#8220;\u00c5RETS H\u00c5LLBARA MENY&#8221; <\/a>i samband med N\u00e4tverket H\u00e5llbara Restaurangers 5-\u00e5rs jubileum. V\u00e5rt &#8220;n\u00e5ls\u00f6ga&#8221; <a href=\"http:\/\/elwingcatering.se\/noga-utvalt\/\" target=\"_blank\" rel=\"noopener noreferrer\">Noga Utvalt<\/a> \u00e4r det vi nominerats f\u00f6r!<\/p>\n<p style=\"text-align: center;\"><a href=\"https:\/\/www.cafeberwald.se\/wp-content\/uploads\/2014\/08\/Finalist-diplom.jpg\" rel=\"attachment wp-att-2252\"><img loading=\"lazy\" decoding=\"async\" class=\"size-medium wp-image-2252 aligncenter\" src=\"https:\/\/www.cafeberwald.se\/wp-content\/uploads\/2014\/08\/Finalist-diplom-210x300.jpg\" alt=\"Finalist, diplom\" width=\"210\" height=\"300\" srcset=\"https:\/\/www.cafeberwald.se\/wp-content\/uploads\/2014\/08\/Finalist-diplom-210x300.jpg 210w, https:\/\/www.cafeberwald.se\/wp-content\/uploads\/2014\/08\/Finalist-diplom-768x1095.jpg 768w, https:\/\/www.cafeberwald.se\/wp-content\/uploads\/2014\/08\/Finalist-diplom-718x1024.jpg 718w, https:\/\/www.cafeberwald.se\/wp-content\/uploads\/2014\/08\/Finalist-diplom-624x890.jpg 624w\" sizes=\"auto, (max-width: 210px) 100vw, 210px\" \/><\/a><\/p>\n<p style=\"text-align: center;\"><a href=\"https:\/\/www.cafeberwald.se\/wp-content\/uploads\/2014\/08\/Nominerad.jpg\" rel=\"attachment wp-att-2227\"><img loading=\"lazy\" decoding=\"async\" class=\"size-medium wp-image-2227 aligncenter\" src=\"https:\/\/www.cafeberwald.se\/wp-content\/uploads\/2014\/08\/Nominerad-300x240.jpg\" alt=\"Nominerad\" width=\"300\" height=\"240\" srcset=\"https:\/\/www.cafeberwald.se\/wp-content\/uploads\/2014\/08\/Nominerad-300x240.jpg 300w, https:\/\/www.cafeberwald.se\/wp-content\/uploads\/2014\/08\/Nominerad.jpg 500w\" sizes=\"auto, (max-width: 300px) 100vw, 300px\" \/><\/a><\/p>\n<p style=\"text-align: center;\"><a href=\"https:\/\/www.cafeberwald.se\/wp-content\/uploads\/2014\/08\/\u00c5rets-h\u00e5llbara-meny.jpg\" rel=\"attachment wp-att-2228\"><img loading=\"lazy\" decoding=\"async\" class=\"size-medium wp-image-2228 aligncenter\" src=\"https:\/\/www.cafeberwald.se\/wp-content\/uploads\/2014\/08\/\u00c5rets-h\u00e5llbara-meny-300x254.jpg\" alt=\"\u00c5rets-h\u00e5llbara-meny\" width=\"300\" height=\"254\" srcset=\"https:\/\/www.cafeberwald.se\/wp-content\/uploads\/2014\/08\/\u00c5rets-h\u00e5llbara-meny-300x254.jpg 300w, https:\/\/www.cafeberwald.se\/wp-content\/uploads\/2014\/08\/\u00c5rets-h\u00e5llbara-meny.jpg 500w\" sizes=\"auto, (max-width: 300px) 100vw, 300px\" \/><\/a><\/p>\n<p style=\"text-align: center;\"><em>Tidningen Bes\u00f6ksliv 2016-02-02 (Enhetschefen p\u00e5 Caf\u00e9 Berwald gick till final)<\/em><\/p>\n<p style=\"text-align: left;\"><a href=\"http:\/\/www.besoksliv.se\/artikel\/de-kan-vinna-arets-unga-branschstjaerna-68606\">http:\/\/www.besoksliv.se\/artikel\/de-kan-vinna-arets-unga-branschstjaerna-68606<\/a><\/p>\n<p style=\"text-align: center;\"><a href=\"https:\/\/www.cafeberwald.se\/wp-content\/uploads\/2014\/08\/Ida-Bes\u00f6ksliv-2016.gif\"><img loading=\"lazy\" decoding=\"async\" class=\"aligncenter\" src=\"https:\/\/www.cafeberwald.se\/wp-content\/uploads\/2014\/08\/Ida-Bes\u00f6ksliv-2016.gif\" alt=\"Ida-Bes\u00f6ksliv-2016\" width=\"300\" height=\"400\" \/><\/a><\/p>\n<p style=\"text-align: left;\"><em>Dagens Nyheter\u00a0bilaga \u00d6stersj\u00f6festivalen 2016-08-14<\/em><\/p>\n<p style=\"text-align: center;\"><a href=\"http:\/\/sverigesradio.se\/Diverse\/AppData\/Isidor\/Files\/3429\/649759c4-c482-4771-b06c-0b624c051d92.pdf\" target=\"_blank\" rel=\"attachment noopener wp-att-1448 noreferrer\"><img loading=\"lazy\" decoding=\"async\" class=\"size-full wp-image-1448 aligncenter\" src=\"https:\/\/www.cafeberwald.se\/wp-content\/uploads\/2014\/08\/\u00d6stersj\u00f6festivalen-tidning-2016-1.jpg\" alt=\"\u00d6stersj\u00f6festivalen-tidning-2016\" width=\"300\" height=\"432\" srcset=\"https:\/\/www.cafeberwald.se\/wp-content\/uploads\/2014\/08\/\u00d6stersj\u00f6festivalen-tidning-2016-1.jpg 300w, https:\/\/www.cafeberwald.se\/wp-content\/uploads\/2014\/08\/\u00d6stersj\u00f6festivalen-tidning-2016-1-208x300.jpg 208w\" sizes=\"auto, (max-width: 300px) 100vw, 300px\" \/><\/a><\/p>\n<p style=\"text-align: left;\"><em>Svenska Dagbladet bilaga \u00d6stersj\u00f6festivalen 2014-08-17<\/em><br \/>\n<a href=\"https:\/\/www.cafeberwald.se\/wp-content\/uploads\/2014\/01\/berwald.jpg\"><img loading=\"lazy\" decoding=\"async\" class=\"wp-image-154 aligncenter\" src=\"https:\/\/www.cafeberwald.se\/wp-content\/uploads\/2014\/01\/berwald.jpg\" alt=\"\" width=\"361\" height=\"375\" \/><\/a><a href=\"https:\/\/www.cafeberwald.se\/wp-content\/uploads\/2014\/08\/Bild-till-hemsida-\u00f6stersj\u00f6festivalen-press.jpg\"><br \/>\n<\/a><\/p>\n<p style=\"text-align: left;\"><em>Tidningen Expressen 2014-01-21<\/em><\/p>\n<p style=\"text-align: center;\"><a href=\"https:\/\/www.cafeberwald.se\/wp-content\/uploads\/2014\/08\/Expressen-20140121.jpg\"><img loading=\"lazy\" decoding=\"async\" src=\"https:\/\/www.cafeberwald.se\/wp-content\/uploads\/2014\/08\/Expressen-20140121-300x298.jpg\" alt=\"Expressen 20140121\" width=\"300\" height=\"298\" \/><\/a><\/p>\n<p style=\"text-align: center;\"><em>\u00a0<\/em><\/p>\n","protected":false},"excerpt":{"rendered":"<p>H\u00e5llbara restaurangers hemsida 2018-09-17 Vi \u00e4r nominerade och har g\u00e5tt till final i kategorin &#8220;\u00c5RETS H\u00c5LLBARA MENY&#8221; i samband med N\u00e4tverket H\u00e5llbara Restaurangers 5-\u00e5rs jubileum. V\u00e5rt &#8220;n\u00e5ls\u00f6ga&#8221; Noga Utvalt \u00e4r det vi nominerats f\u00f6r! Tidningen Bes\u00f6ksliv 2016-02-02 (Enhetschefen p\u00e5 Caf\u00e9 Berwald gick till final) http:\/\/www.besoksliv.se\/artikel\/de-kan-vinna-arets-unga-branschstjaerna-68606 Dagens Nyheter\u00a0bilaga \u00d6stersj\u00f6festivalen 2016-08-14 Svenska Dagbladet bilaga \u00d6stersj\u00f6festivalen 2014-08-17 Tidningen [&hellip;]<\/p>\n","protected":false},"author":1,"featured_media":0,"parent":0,"menu_order":0,"comment_status":"closed","ping_status":"closed","template":"","meta":{"footnotes":""},"class_list":["post-189","page","type-page","status-publish","hentry"],"_links":{"self":[{"href":"https:\/\/www.cafeberwald.se\/index.php?rest_route=\/wp\/v2\/pages\/189","targetHints":{"allow":["GET"]}}],"collection":[{"href":"https:\/\/www.cafeberwald.se\/index.php?rest_route=\/wp\/v2\/pages"}],"about":[{"href":"https:\/\/www.cafeberwald.se\/index.php?rest_route=\/wp\/v2\/types\/page"}],"author":[{"embeddable":true,"href":"https:\/\/www.cafeberwald.se\/index.php?rest_route=\/wp\/v2\/users\/1"}],"replies":[{"embeddable":true,"href":"https:\/\/www.cafeberwald.se\/index.php?rest_route=%2Fwp%2Fv2%2Fcomments&post=189"}],"version-history":[{"count":20,"href":"https:\/\/www.cafeberwald.se\/index.php?rest_route=\/wp\/v2\/pages\/189\/revisions"}],"predecessor-version":[{"id":3662,"href":"https:\/\/www.cafeberwald.se\/index.php?rest_route=\/wp\/v2\/pages\/189\/revisions\/3662"}],"wp:attachment":[{"href":"https:\/\/www.cafeberwald.se\/index.php?rest_route=%2Fwp%2Fv2%2Fmedia&parent=189"}],"curies":[{"name":"wp","href":"https:\/\/api.w.org\/{rel}","templated":true}]}}