{"id":1787,"date":"2017-03-10T10:49:49","date_gmt":"2017-03-10T10:49:49","guid":{"rendered":"https:\/\/www.cafeberwald.se\/?page_id=1787"},"modified":"2026-04-09T15:30:10","modified_gmt":"2026-04-09T15:30:10","slug":"meny-parkett-1","status":"publish","type":"page","link":"https:\/\/www.cafeberwald.se\/?page_id=1787","title":{"rendered":"Meny Parkett (plan -1)"},"content":{"rendered":"\n<p><a href=\"https:\/\/www.cafeberwald.se\/?page_id=4002\"><strong><em>F\u00f6rboka din mat f\u00f6r att s\u00e4kra en bordsbokning.<\/em><\/strong><\/a><\/p>\n\n\n\n<p><\/p>\n\n\n\n<p><span style=\"color: #0000ff;\"><strong>MENY<\/strong><\/span><\/p>\n\n\n\n<p>R\u00e4ksymfoni med klassisk Skagenr\u00f6ra (handskalade r\u00e4kor, majonn\u00e4s, dill &amp; pepparrot) &amp; kokt \u00e4gg p\u00e5 r\u00e5gbr\u00f6d (sm\u00f8rrebr\u00f8d)* 175 kr<\/p>\n\n\n\n<p>1\/2 wrap \u2013 Kyckling, \u00e4pple, romansallad &amp; currydressing 60 kr<span style=\"font-weight: bold; color: rgb(0, 0, 255);\"><span style=\"font-weight: bold; color: rgb(0, 0, 255);\"><\/span><\/span><a style=\"font-weight: 600;\" href=\"https:\/\/www.cafeberwald.se\/wp-content\/uploads\/2015\/03\/Noga_Utvalt_RGB-MINI-WEB.gif\"><\/a><\/p>\n\n\n\n<p>Cannelinib\u00f6nr\u00f6ra, picklade gulbetor, sotad &amp; karamelliserad r\u00f6dl\u00f6k, rostade pumpak\u00e4rnor &amp; puffad quinoa p\u00e5 r\u00e5gbr\u00f6d (sm\u00f8rrebr\u00f8d).* <strong>(VEG)<\/strong> <b><a href=\"https:\/\/www.cafeberwald.se\/wp-content\/uploads\/2015\/03\/Noga_Utvalt_RGB-MINI-WEB.gif\"><img loading=\"lazy\" decoding=\"async\" width=\"15\" height=\"15\" src=\"https:\/\/www.cafeberwald.se\/wp-content\/uploads\/2015\/03\/Noga_Utvalt_RGB-MINI-WEB.gif\" alt=\"Noga_Utvalt_RGB-MINI-WEB\"><\/a><\/b> 150 kr<\/p>\n\n\n\n<p>Sparrissoppa med krutonger &amp; \u00f6rtolja, serveras med kuvertbr\u00f6d &amp; f\u00e4rskostkr\u00e4m* 165 kr<\/p>\n\n\n\n<p>Paj med fetaost &amp; purjol\u00f6k, serveras med gr\u00f6nsallad &amp; senapsdressing <strong>(VEG)<\/strong> 160 kr<br><br><span style=\"font-weight: bold; color: rgb(0, 0, 255);\">ENDAST F\u00d6RBOKNING 24 tim (s\u00f6ndag 48 tim) f\u00f6re ankomst konsertdagen:<\/span> <br>Kall tallrik med \u00f6rtmarinerad, ekologisk kycklingfil\u00e9 fr\u00e5n Bosarp, potatisterrin med cheddar, ruccolasallad med grillade gr\u00f6nsaker &amp; chimmichurri. Serveras med kn\u00e4cke &amp; &#8220;sm\u00f6r&#8221;* <b><a href=\"https:\/\/www.cafeberwald.se\/wp-content\/uploads\/2015\/03\/Noga_Utvalt_RGB-MINI-WEB.gif\"><img loading=\"lazy\" decoding=\"async\" width=\"15\" height=\"15\" src=\"https:\/\/www.cafeberwald.se\/wp-content\/uploads\/2015\/03\/Noga_Utvalt_RGB-MINI-WEB.gif\" alt=\"Noga_Utvalt_RGB-MINI-WEB\"><\/a><\/b> 279 kr<\/p>\n\n\n\n<p><span style=\"font-weight: bold; color: rgb(0, 0, 255);\">ENDAST F\u00d6RBOKNING 24 tim (s\u00f6ndag 48 tim) f\u00f6re ankomst konsertdagen:<\/span> <br><strong>Ost- &amp; charktallrik<\/strong> Salami, lufttorkad skinka, Gruy\u00e8re, Cambozola, conichons, dadlar, fikonmarmelad &amp; Solmarka ekologiska delikatesskn\u00e4cke. En l\u00e4ttare f\u00f6rt\u00e4ring som kan delas p\u00e5 tv\u00e5 personer!* 279kr<\/p>\n\n\n\n<figure class=\"wp-block-image size-full is-resized\"><a href=\"https:\/\/www.cafeberwald.se\/wp-content\/uploads\/2026\/04\/Ost-charktallrik.jpg\"><img loading=\"lazy\" decoding=\"async\" width=\"600\" height=\"600\" src=\"https:\/\/www.cafeberwald.se\/wp-content\/uploads\/2026\/04\/Ost-charktallrik.jpg\" alt=\"\" class=\"wp-image-4888\" style=\"width:262px;height:auto\" srcset=\"https:\/\/www.cafeberwald.se\/wp-content\/uploads\/2026\/04\/Ost-charktallrik.jpg 600w, https:\/\/www.cafeberwald.se\/wp-content\/uploads\/2026\/04\/Ost-charktallrik-300x300.jpg 300w, https:\/\/www.cafeberwald.se\/wp-content\/uploads\/2026\/04\/Ost-charktallrik-150x150.jpg 150w\" sizes=\"auto, (max-width: 600px) 100vw, 600px\" \/><\/a><\/figure>\n\n\n\n<p><em>Alla r\u00e4tter \u00e4r laktosfria f\u00f6rutom Paj med fetaost &amp; purjol\u00f6k<\/em><br><em><em>* R\u00e4tten kan f\u00f6rbokas glutenfri<\/em><\/em><\/p>\n\n\n\n<p><b>DESSERT<\/b><br> Lollos \u00e4ppelkaka med vaniljf\u00e4rskost 65 kr<br> Kokos\/Mango\/Passion bakelse 75 kr <br> Cheesecake med halloncrunch 75 kr &#8211; <strong>ENDAST F\u00d6RBOKNING!<\/strong><\/p>\n\n\n\n<p><b>SNACKS<br> <\/b>Saltrostade mandlar 48 kr<br> Tryffelchips 45 kr<br> Lantchips 38 kr <br> Italienska, gr\u00f6na oliver 30 kr <\/p>\n\n\n\n<p><b>FIKABR\u00d6D<br> <\/b>Blandade fikabr\u00f6d bl a k\u00e4rleksmums, vaniljhj\u00e4rta &amp; dammsugare 42 kr<\/p>\n\n\n\n<p><b>GODIS<\/b><br> Elwings godisburk<i>&nbsp;<\/i>35 kr<br> Malm\u00f6 choklad (25 gr), olika smaker <strong><b>Fairtrade &amp; EKO<\/b><\/strong> <b><a href=\"https:\/\/www.cafeberwald.se\/wp-content\/uploads\/2015\/03\/Noga_Utvalt_RGB-MINI-WEB.gif\"><img loading=\"lazy\" decoding=\"async\" width=\"15\" height=\"15\" src=\"https:\/\/www.cafeberwald.se\/wp-content\/uploads\/2015\/03\/Noga_Utvalt_RGB-MINI-WEB.gif\" alt=\"Noga_Utvalt_RGB-MINI-WEB\"><\/a><\/b> 27 kr <br> Plopp (50 gr), <strong>Rainforest alliance<a href=\"https:\/\/www.cafeberwald.se\/wp-content\/uploads\/2015\/03\/Noga_Utvalt_RGB-MINI-WEB.gif\"><\/a><\/strong> <b><a href=\"https:\/\/www.cafeberwald.se\/wp-content\/uploads\/2015\/03\/Noga_Utvalt_RGB-MINI-WEB.gif\"><img loading=\"lazy\" decoding=\"async\" width=\"15\" height=\"15\" src=\"https:\/\/www.cafeberwald.se\/wp-content\/uploads\/2015\/03\/Noga_Utvalt_RGB-MINI-WEB.gif\" alt=\"Noga_Utvalt_RGB-MINI-WEB\"><\/a><\/b> 28 kr <br> Kexchoklad, <strong>UTZ-certifierad<\/strong>&nbsp; <b><a href=\"https:\/\/www.cafeberwald.se\/wp-content\/uploads\/2015\/03\/Noga_Utvalt_RGB-MINI-WEB.gif\"><img loading=\"lazy\" decoding=\"async\" width=\"15\" height=\"15\" src=\"https:\/\/www.cafeberwald.se\/wp-content\/uploads\/2015\/03\/Noga_Utvalt_RGB-MINI-WEB.gif\" alt=\"Noga_Utvalt_RGB-MINI-WEB\"><\/a><\/b> 25 kr<br> L\u00e4kerol 23 kr<br> Chokladbit&nbsp;<i>Elwing &amp; Co.<\/i> 8&nbsp;kr<\/p>\n\n\n\n<p><b>KAFFE \u2013 TE<br> <\/b>Kaffe&nbsp;<i>Arvid Nordquist,&nbsp;<\/i><b>100 % CO2-kompenserat &amp; EKO<\/b>*&nbsp;<a href=\"https:\/\/www.cafeberwald.se\/wp-content\/uploads\/2015\/03\/Noga_Utvalt_RGB-MINI-WEB.gif\"><img loading=\"lazy\" decoding=\"async\" width=\"15\" height=\"15\" src=\"https:\/\/www.cafeberwald.se\/wp-content\/uploads\/2015\/03\/Noga_Utvalt_RGB-MINI-WEB.gif\" alt=\"Noga_Utvalt_RGB-MINI-WEB\"><\/a> 38 kr<br> Elwings svarta eller gr\u00f6na te,&nbsp;<b>Fairtrade &amp; EKO<\/b>*&nbsp;<a href=\"https:\/\/www.cafeberwald.se\/wp-content\/uploads\/2015\/03\/Noga_Utvalt_RGB-MINI-WEB.gif\"><img loading=\"lazy\" decoding=\"async\" width=\"15\" height=\"15\" src=\"https:\/\/www.cafeberwald.se\/wp-content\/uploads\/2015\/03\/Noga_Utvalt_RGB-MINI-WEB.gif\" alt=\"Noga_Utvalt_RGB-MINI-WEB\"><\/a> 38 kr<\/p>\n\n\n\n<p><em>*Serveras med mj\u00f6lk<\/em><\/p>\n\n\n\n<p><b>ALKOHOLFRITT<\/b><br>\u00c4ppelmust olika smaker, fl 27,5 cl <b><a href=\"https:\/\/www.cafeberwald.se\/wp-content\/uploads\/2015\/03\/Noga_Utvalt_RGB-MINI-WEB.gif\"><img loading=\"lazy\" decoding=\"async\" width=\"15\" height=\"15\" src=\"https:\/\/www.cafeberwald.se\/wp-content\/uploads\/2015\/03\/Noga_Utvalt_RGB-MINI-WEB.gif\" alt=\"Noga_Utvalt_RGB-MINI-WEB\"><\/a><\/b> 49 kr<br>Coca cola, Coca cola Zero, fl 33 cl, 35 kr<br>Nyg\u00e5rda l\u00e4sk, olika smaker, fl 33 cl, 35 kr<br>LOKA, kolsyrat<i>, fl 50 cl<\/i>&nbsp;<b><a href=\"https:\/\/www.cafeberwald.se\/wp-content\/uploads\/2015\/03\/Noga_Utvalt_RGB-MINI-WEB.gif\"><img loading=\"lazy\" decoding=\"async\" width=\"15\" height=\"15\" src=\"https:\/\/www.cafeberwald.se\/wp-content\/uploads\/2015\/03\/Noga_Utvalt_RGB-MINI-WEB.gif\" alt=\"Noga_Utvalt_RGB-MINI-WEB\"><\/a>&nbsp;<\/b>35 kr<br>Smil tetradricka, olika smaker, tetra 20 cl, 22 kr<\/p>\n\n\n\n<p><b>CHAMPAGNE&nbsp;\u2013 CAVA \u2013 VIN<br> Glas<\/b><br> Champagne Andr\u00e9 Clouet GRANDE R\u00c8SERVE Brut 150 kr <br> Cava Brut (Piccolo),&nbsp;<strong>EKO&nbsp;<b><a href=\"https:\/\/www.cafeberwald.se\/wp-content\/uploads\/2015\/03\/Noga_Utvalt_RGB-MINI-WEB.gif\"><img loading=\"lazy\" decoding=\"async\" width=\"15\" height=\"15\" src=\"https:\/\/www.cafeberwald.se\/wp-content\/uploads\/2015\/03\/Noga_Utvalt_RGB-MINI-WEB.gif\" alt=\"Noga_Utvalt_RGB-MINI-WEB\"><\/a><\/b><\/strong> 150 kr<br> <em>Alkoholfritt mousserande<\/em> 99 kr<br> Roberto Sarotto Piemonte Rosso DOC (r\u00f6tt) 150 kr<br> Jeanjean Quartaut &#8211; Chardonnay (vitt) <strong>EKO<\/strong><b>&nbsp;<\/b>150 kr<br> Sangre de Toro, Garnacha\/Cari\u00f1ena (r\u00f6tt) 125 kr &#8211; <strong>NYHET!<\/strong><br> Vi\u00f1a Sol, Parellada\/White Garnacha (vitt)<strong> <\/strong>125 kr &#8211; <strong>NYHET!<\/strong><\/p>\n\n\n\n<p><strong>Flaska<\/strong><br> Champagne Andr\u00e9 Clouet GRANDE R\u00c8SERVE Brut 37,5 cl&nbsp;395 kr <br> Champagne Andr\u00e9 Clouet GRANDE R\u00c8SERVE Brut 75 cl&nbsp;695 kr <br> Cava Brut 75 cl <b>EKO&nbsp;<a href=\"https:\/\/www.cafeberwald.se\/wp-content\/uploads\/2015\/03\/Noga_Utvalt_RGB-MINI-WEB.gif\"><img loading=\"lazy\" decoding=\"async\" width=\"15\" height=\"15\" src=\"https:\/\/www.cafeberwald.se\/wp-content\/uploads\/2015\/03\/Noga_Utvalt_RGB-MINI-WEB.gif\" alt=\"Noga_Utvalt_RGB-MINI-WEB\"><\/a><\/b> 550 kr<br> Jeanjean Quartaut &#8211; Chardonnay (vitt) 75 cl 625 kr<br> Even &amp; Odd, Riesling (vitt) 37,5 cl<b>&nbsp;<\/b>295 kr<br> Roberto Sarotto Piemonte Rosso DOC (r\u00f6tt) 75 cl<b>&nbsp;<\/b>625 kr <br> Sk\u00e4rg\u00e5rdssnaps, 5 cl 95 kr<\/p>\n\n\n\n<p><b>\u00d6L \u2013 CIDER<br> <\/b>Melleruds utm\u00e4rkta pilsner, ljus lager, fl 33 cl<b>&nbsp;EKO&nbsp;<a href=\"https:\/\/www.cafeberwald.se\/wp-content\/uploads\/2015\/03\/Noga_Utvalt_RGB-MINI-WEB.gif\"><img loading=\"lazy\" decoding=\"async\" width=\"15\" height=\"15\" src=\"https:\/\/www.cafeberwald.se\/wp-content\/uploads\/2015\/03\/Noga_Utvalt_RGB-MINI-WEB.gif\" alt=\"Noga_Utvalt_RGB-MINI-WEB\"><\/a><\/b> 85 kr<br> Gotlands Bryggeri Wisby Lager, fl 33 cl <b>EKO&nbsp;<a href=\"https:\/\/www.cafeberwald.se\/wp-content\/uploads\/2015\/03\/Noga_Utvalt_RGB-MINI-WEB.gif\"><img loading=\"lazy\" decoding=\"async\" width=\"15\" height=\"15\" src=\"https:\/\/www.cafeberwald.se\/wp-content\/uploads\/2015\/03\/Noga_Utvalt_RGB-MINI-WEB.gif\" alt=\"Noga_Utvalt_RGB-MINI-WEB\"><\/a><\/b> 85 kr<br> A ship full of IPA, fl 33 cl, <b>EKO&nbsp;<a href=\"https:\/\/www.cafeberwald.se\/wp-content\/uploads\/2015\/03\/Noga_Utvalt_RGB-MINI-WEB.gif\"><img loading=\"lazy\" decoding=\"async\" width=\"15\" height=\"15\" src=\"https:\/\/www.cafeberwald.se\/wp-content\/uploads\/2015\/03\/Noga_Utvalt_RGB-MINI-WEB.gif\" alt=\"Noga_Utvalt_RGB-MINI-WEB\"><\/a><\/b> 85 kr<br> Daura Damm <strong>Glutenfri<\/strong> Lager, fl 33 cl, 88 kr <strong>&#8211; NYHET!<\/strong><br> <em>Alkoholfri l<\/em>ager, Mariestad, fl 33 cl 60 kr<br> <em>Alkoholfri<\/em> IPA, Easy Rider Bulldog, fl 33 cl 60 kr<br> Gr\u00e4ngesberg<i> l\u00e4tt\u00f6l<\/i>,&nbsp;<b>EKO<\/b>&nbsp;<a href=\"https:\/\/www.cafeberwald.se\/wp-content\/uploads\/2015\/03\/Noga_Utvalt_RGB-MINI-WEB.gif\"><img loading=\"lazy\" decoding=\"async\" width=\"15\" height=\"15\" src=\"https:\/\/www.cafeberwald.se\/wp-content\/uploads\/2015\/03\/Noga_Utvalt_RGB-MINI-WEB.gif\" alt=\"Noga_Utvalt_RGB-MINI-WEB\"><\/a> 35 kr<br> Briska, olika smaker, fl 33 cl<b>&nbsp;<\/b>65 kr<\/p>\n\n\n\n<p><em>Information om allergener finns i varje servering, prata med v\u00e5r personal om du har fr\u00e5gor!<\/em><\/p>\n\n\n\n<p>L\u00e4s mer om<a href=\"https:\/\/www.cafeberwald.se\/?page_id=697\" target=\"_blank\" rel=\"noreferrer noopener\"> Noga utvalt av Elwing &amp; Co.<\/a> <b><a href=\"https:\/\/www.cafeberwald.se\/wp-content\/uploads\/2015\/03\/Noga_Utvalt_RGB-MINI-WEB.gif\"><img loading=\"lazy\" decoding=\"async\" width=\"15\" height=\"15\" src=\"https:\/\/www.cafeberwald.se\/wp-content\/uploads\/2015\/03\/Noga_Utvalt_RGB-MINI-WEB.gif\" alt=\"Noga_Utvalt_RGB-MINI-WEB\"><\/a><\/b><\/p>\n\n\n\n<p><\/p>\n","protected":false},"excerpt":{"rendered":"<p>F\u00f6rboka din mat f\u00f6r att s\u00e4kra en bordsbokning. MENY R\u00e4ksymfoni med klassisk Skagenr\u00f6ra (handskalade r\u00e4kor, majonn\u00e4s, dill &amp; pepparrot) &amp; kokt \u00e4gg p\u00e5 r\u00e5gbr\u00f6d (sm\u00f8rrebr\u00f8d)* 175 kr 1\/2 wrap \u2013 Kyckling, \u00e4pple, romansallad &amp; currydressing 60 kr Cannelinib\u00f6nr\u00f6ra, picklade gulbetor, sotad &amp; karamelliserad r\u00f6dl\u00f6k, rostade pumpak\u00e4rnor &amp; puffad quinoa p\u00e5 r\u00e5gbr\u00f6d (sm\u00f8rrebr\u00f8d).* (VEG) 150 kr [&hellip;]<\/p>\n","protected":false},"author":1,"featured_media":4703,"parent":0,"menu_order":0,"comment_status":"closed","ping_status":"closed","template":"","meta":{"footnotes":""},"class_list":["post-1787","page","type-page","status-publish","has-post-thumbnail","hentry"],"_links":{"self":[{"href":"https:\/\/www.cafeberwald.se\/index.php?rest_route=\/wp\/v2\/pages\/1787","targetHints":{"allow":["GET"]}}],"collection":[{"href":"https:\/\/www.cafeberwald.se\/index.php?rest_route=\/wp\/v2\/pages"}],"about":[{"href":"https:\/\/www.cafeberwald.se\/index.php?rest_route=\/wp\/v2\/types\/page"}],"author":[{"embeddable":true,"href":"https:\/\/www.cafeberwald.se\/index.php?rest_route=\/wp\/v2\/users\/1"}],"replies":[{"embeddable":true,"href":"https:\/\/www.cafeberwald.se\/index.php?rest_route=%2Fwp%2Fv2%2Fcomments&post=1787"}],"version-history":[{"count":360,"href":"https:\/\/www.cafeberwald.se\/index.php?rest_route=\/wp\/v2\/pages\/1787\/revisions"}],"predecessor-version":[{"id":4891,"href":"https:\/\/www.cafeberwald.se\/index.php?rest_route=\/wp\/v2\/pages\/1787\/revisions\/4891"}],"wp:featuredmedia":[{"embeddable":true,"href":"https:\/\/www.cafeberwald.se\/index.php?rest_route=\/wp\/v2\/media\/4703"}],"wp:attachment":[{"href":"https:\/\/www.cafeberwald.se\/index.php?rest_route=%2Fwp%2Fv2%2Fmedia&parent=1787"}],"curies":[{"name":"wp","href":"https:\/\/api.w.org\/{rel}","templated":true}]}}