{"id":1690,"date":"2016-12-16T17:12:07","date_gmt":"2016-12-16T17:12:07","guid":{"rendered":"https:\/\/www.cafeberwald.se\/?page_id=1690"},"modified":"2026-04-09T08:06:21","modified_gmt":"2026-04-09T08:06:21","slug":"meny-bubbel-entreplan-galler-fran-6-januari-2017","status":"publish","type":"page","link":"https:\/\/www.cafeberwald.se\/?page_id=1690","title":{"rendered":"Meny Bubbel (entr\u00e9plan)"},"content":{"rendered":"<p><span style=\"color: #0000ff;\"><strong>MENY<\/strong><\/span><\/p>\n<p>Mat serveras p\u00e5 v\u00e5ningarna Parkett &amp; Mingel.<\/p>\n\n\n<p><b>DESSERT<\/b><br> Lollos \u00e4ppelkaka med vaniljf\u00e4rskost 65 kr<br> Kokos\/Mango\/Passion bakelse 75 kr <\/p>\n\n\n\n<p><b>SNACKS<br> <\/b>Saltrostade mandlar 48 kr<br> Tryffelchips 45 kr<br> Lantchips 38 kr <br> Italienska, gr\u00f6na oliver 30 kr <\/p>\n\n\n\n<p><b>FIKABR\u00d6D<br> <\/b>Blandade fikabr\u00f6d bl a k\u00e4rleksmums, vaniljhj\u00e4rta &amp; dammsugare 42 kr<\/p>\n\n\n\n<p><b>GODIS<\/b><br> Elwings godisburk<i>&nbsp;<\/i>35 kr<br> Malm\u00f6 choklad (25 gr), olika smaker <strong><b>Fairtrade &amp; EKO<\/b><\/strong> <b><a href=\"https:\/\/www.cafeberwald.se\/wp-content\/uploads\/2015\/03\/Noga_Utvalt_RGB-MINI-WEB.gif\"><img loading=\"lazy\" decoding=\"async\" width=\"15\" height=\"15\" src=\"https:\/\/www.cafeberwald.se\/wp-content\/uploads\/2015\/03\/Noga_Utvalt_RGB-MINI-WEB.gif\" alt=\"Noga_Utvalt_RGB-MINI-WEB\"><\/a><\/b> 27 kr <br> Plopp (50 gr), <strong>Rainforest alliance<a href=\"https:\/\/www.cafeberwald.se\/wp-content\/uploads\/2015\/03\/Noga_Utvalt_RGB-MINI-WEB.gif\"><\/a><\/strong> <b><a href=\"https:\/\/www.cafeberwald.se\/wp-content\/uploads\/2015\/03\/Noga_Utvalt_RGB-MINI-WEB.gif\"><img loading=\"lazy\" decoding=\"async\" width=\"15\" height=\"15\" src=\"https:\/\/www.cafeberwald.se\/wp-content\/uploads\/2015\/03\/Noga_Utvalt_RGB-MINI-WEB.gif\" alt=\"Noga_Utvalt_RGB-MINI-WEB\"><\/a><\/b> 28 kr <br> Kexchoklad, <strong>UTZ-certifierad<\/strong>&nbsp; <b><a href=\"https:\/\/www.cafeberwald.se\/wp-content\/uploads\/2015\/03\/Noga_Utvalt_RGB-MINI-WEB.gif\"><img loading=\"lazy\" decoding=\"async\" width=\"15\" height=\"15\" src=\"https:\/\/www.cafeberwald.se\/wp-content\/uploads\/2015\/03\/Noga_Utvalt_RGB-MINI-WEB.gif\" alt=\"Noga_Utvalt_RGB-MINI-WEB\"><\/a><\/b> 25 kr<br> L\u00e4kerol 23 kr<br> Chokladbit&nbsp;<i>Elwing &amp; Co.<\/i> 8&nbsp;kr<\/p>\n\n\n\n<p><b>KAFFE \u2013 TE<br> <\/b>Kaffe&nbsp;<i>Arvid Nordquist,&nbsp;<\/i><b>100 % CO2-kompenserat &amp; EKO<\/b>*&nbsp;<a href=\"https:\/\/www.cafeberwald.se\/wp-content\/uploads\/2015\/03\/Noga_Utvalt_RGB-MINI-WEB.gif\"><img loading=\"lazy\" decoding=\"async\" width=\"15\" height=\"15\" src=\"https:\/\/www.cafeberwald.se\/wp-content\/uploads\/2015\/03\/Noga_Utvalt_RGB-MINI-WEB.gif\" alt=\"Noga_Utvalt_RGB-MINI-WEB\"><\/a> 38 kr<br> Elwings svarta eller gr\u00f6na te,&nbsp;<b>Fairtrade &amp; EKO<\/b>*&nbsp;<a href=\"https:\/\/www.cafeberwald.se\/wp-content\/uploads\/2015\/03\/Noga_Utvalt_RGB-MINI-WEB.gif\"><img loading=\"lazy\" decoding=\"async\" width=\"15\" height=\"15\" src=\"https:\/\/www.cafeberwald.se\/wp-content\/uploads\/2015\/03\/Noga_Utvalt_RGB-MINI-WEB.gif\" alt=\"Noga_Utvalt_RGB-MINI-WEB\"><\/a> 38 kr<\/p>\n\n\n\n<p><em>*Serveras med mj\u00f6lk<\/em><\/p>\n\n\n\n<p><b>ALKOHOLFRITT<\/b><br>\u00c4ppelmust olika smaker, fl 27,5 cl <b><a href=\"https:\/\/www.cafeberwald.se\/wp-content\/uploads\/2015\/03\/Noga_Utvalt_RGB-MINI-WEB.gif\"><img loading=\"lazy\" decoding=\"async\" width=\"15\" height=\"15\" src=\"https:\/\/www.cafeberwald.se\/wp-content\/uploads\/2015\/03\/Noga_Utvalt_RGB-MINI-WEB.gif\" alt=\"Noga_Utvalt_RGB-MINI-WEB\"><\/a><\/b> 49 kr<br>Coca cola, Coca cola Zero, fl 33 cl, 35 kr<br>Nyg\u00e5rda l\u00e4sk, olika smaker, fl 33 cl, 35 kr<br>LOKA, kolsyrat<i>, fl 50 cl<\/i>&nbsp;<b><a href=\"https:\/\/www.cafeberwald.se\/wp-content\/uploads\/2015\/03\/Noga_Utvalt_RGB-MINI-WEB.gif\"><img loading=\"lazy\" decoding=\"async\" width=\"15\" height=\"15\" src=\"https:\/\/www.cafeberwald.se\/wp-content\/uploads\/2015\/03\/Noga_Utvalt_RGB-MINI-WEB.gif\" alt=\"Noga_Utvalt_RGB-MINI-WEB\"><\/a>&nbsp;<\/b>35 kr<br>Smil tetradricka, olika smaker, tetra 20 cl, 22 kr<\/p>\n\n\n\n<p><b>CHAMPAGNE\u00a0\u2013 CAVA \u2013 VIN<br> Glas<\/b><br> Champagne Andr\u00e9 Clouet GRANDE R\u00c8SERVE Brut 150 kr <br> Cava Brut (Piccolo),\u00a0<strong>EKO\u00a0<b><a href=\"https:\/\/www.cafeberwald.se\/wp-content\/uploads\/2015\/03\/Noga_Utvalt_RGB-MINI-WEB.gif\"><img loading=\"lazy\" decoding=\"async\" width=\"15\" height=\"15\" src=\"https:\/\/www.cafeberwald.se\/wp-content\/uploads\/2015\/03\/Noga_Utvalt_RGB-MINI-WEB.gif\" alt=\"Noga_Utvalt_RGB-MINI-WEB\"><\/a><\/b><\/strong> 150 kr<br> <em>Alkoholfritt mousserande<\/em> 99 kr<br> Roberto Sarotto Piemonte Rosso DOC (r\u00f6tt) 150 kr<br> Jeanjean Quartaut &#8211; Chardonnay (vitt) <strong>EKO <\/strong><b><a href=\"https:\/\/www.cafeberwald.se\/wp-content\/uploads\/2015\/03\/Noga_Utvalt_RGB-MINI-WEB.gif\"><img loading=\"lazy\" decoding=\"async\" width=\"15\" height=\"15\" src=\"https:\/\/www.cafeberwald.se\/wp-content\/uploads\/2015\/03\/Noga_Utvalt_RGB-MINI-WEB.gif\" alt=\"Noga_Utvalt_RGB-MINI-WEB\"><\/a>\u00a0<\/b>150 kr<br>Sangre de Toro, Garnacha\/Cari\u00f1ena (r\u00f6tt) 125 kr &#8211; <strong>NYHET!<\/strong><br> Vi\u00f1a Sol, Parellada\/White Garnacha (vitt)<strong> <\/strong>125 kr &#8211; <strong>NYHET!<\/strong><\/p>\n\n\n\n<p><strong>Flaska<\/strong><br> Champagne Andr\u00e9 Clouet GRANDE R\u00c8SERVE Brut 37,5 cl 395 kr  <br> Champagne Andr\u00e9 Clouet GRANDE R\u00c8SERVE Brut 75 cl 695 kr <br> Cava Brut 75 cl <b>EKO&nbsp;<a href=\"https:\/\/www.cafeberwald.se\/wp-content\/uploads\/2015\/03\/Noga_Utvalt_RGB-MINI-WEB.gif\"><img loading=\"lazy\" decoding=\"async\" width=\"15\" height=\"15\" src=\"https:\/\/www.cafeberwald.se\/wp-content\/uploads\/2015\/03\/Noga_Utvalt_RGB-MINI-WEB.gif\" alt=\"Noga_Utvalt_RGB-MINI-WEB\"><\/a><\/b> 550 kr<br> Jeanjean Quartaut &#8211; Chardonnay (vitt) 75 cl <strong>EKO<\/strong><b>&nbsp;<a href=\"https:\/\/www.cafeberwald.se\/wp-content\/uploads\/2015\/03\/Noga_Utvalt_RGB-MINI-WEB.gif\"><img loading=\"lazy\" decoding=\"async\" width=\"15\" height=\"15\" src=\"https:\/\/www.cafeberwald.se\/wp-content\/uploads\/2015\/03\/Noga_Utvalt_RGB-MINI-WEB.gif\" alt=\"Noga_Utvalt_RGB-MINI-WEB\"><\/a>&nbsp;<\/b>625 kr<br> Even &amp; Odd, Riesling (vitt) 37,5 cl<b>&nbsp;<\/b>295 kr<br> Roberto Sarotto Piemonte Rosso DOC (r\u00f6tt) 75 cl<b>&nbsp;<\/b>625 kr <br> Sk\u00e4rg\u00e5rdssnaps, 5 cl 95 kr<\/p>\n\n\n\n<p><b>\u00d6L \u2013 CIDER<br> <\/b>Melleruds utm\u00e4rkta pilsner, ljus lager, fl 33 cl<b>&nbsp;EKO&nbsp;<a href=\"https:\/\/www.cafeberwald.se\/wp-content\/uploads\/2015\/03\/Noga_Utvalt_RGB-MINI-WEB.gif\"><img loading=\"lazy\" decoding=\"async\" width=\"15\" height=\"15\" src=\"https:\/\/www.cafeberwald.se\/wp-content\/uploads\/2015\/03\/Noga_Utvalt_RGB-MINI-WEB.gif\" alt=\"Noga_Utvalt_RGB-MINI-WEB\"><\/a><\/b> 85 kr<br> Gotlands Bryggeri Wisby Lager, fl 33 cl <strong>EKO<\/strong>&nbsp;<b><a href=\"https:\/\/www.cafeberwald.se\/wp-content\/uploads\/2015\/03\/Noga_Utvalt_RGB-MINI-WEB.gif\"><img loading=\"lazy\" decoding=\"async\" width=\"15\" height=\"15\" src=\"https:\/\/www.cafeberwald.se\/wp-content\/uploads\/2015\/03\/Noga_Utvalt_RGB-MINI-WEB.gif\" alt=\"Noga_Utvalt_RGB-MINI-WEB\"><\/a><\/b> 85 kr<br> A ship full of IPA, fl 33 cl, <b>EKO&nbsp;<a href=\"https:\/\/www.cafeberwald.se\/wp-content\/uploads\/2015\/03\/Noga_Utvalt_RGB-MINI-WEB.gif\"><img loading=\"lazy\" decoding=\"async\" width=\"15\" height=\"15\" src=\"https:\/\/www.cafeberwald.se\/wp-content\/uploads\/2015\/03\/Noga_Utvalt_RGB-MINI-WEB.gif\" alt=\"Noga_Utvalt_RGB-MINI-WEB\"><\/a><\/b> 85 kr<br> Daura Damm <strong>Glutenfri<\/strong> Lager, fl 33 cl, 85 kr <strong>&#8211; NYHET!<\/strong><br> <em>Alkoholfri l<\/em>ager, Mariestad, fl 33 cl 60 kr<br> <em>Alkoholfri<\/em> IPA, Easy Rider Bulldog, fl 33 cl 60 kr<br> Gr\u00e4ngesberg<i> l\u00e4tt\u00f6l<\/i>,&nbsp;<b>EKO<\/b>&nbsp;<a href=\"https:\/\/www.cafeberwald.se\/wp-content\/uploads\/2015\/03\/Noga_Utvalt_RGB-MINI-WEB.gif\"><img loading=\"lazy\" decoding=\"async\" width=\"15\" height=\"15\" src=\"https:\/\/www.cafeberwald.se\/wp-content\/uploads\/2015\/03\/Noga_Utvalt_RGB-MINI-WEB.gif\" alt=\"Noga_Utvalt_RGB-MINI-WEB\"><\/a> 35 kr<br> Briska, olika smaker, fl 33 cl<b>&nbsp;<\/b>65 kr<\/p>\n\n\n\n<p><em>Information om allergener finns i varje servering, prata med v\u00e5r personal om du har fr\u00e5gor!<\/em><\/p>\n\n\n\n<p>L\u00e4s mer om<a rel=\"noreferrer noopener\" href=\"https:\/\/www.cafeberwald.se\/?page_id=697\" target=\"_blank\"> Noga utvalt av Elwing &amp; Co.<\/a> <b><a href=\"https:\/\/www.cafeberwald.se\/wp-content\/uploads\/2015\/03\/Noga_Utvalt_RGB-MINI-WEB.gif\"><img loading=\"lazy\" decoding=\"async\" width=\"15\" height=\"15\" src=\"https:\/\/www.cafeberwald.se\/wp-content\/uploads\/2015\/03\/Noga_Utvalt_RGB-MINI-WEB.gif\" alt=\"Noga_Utvalt_RGB-MINI-WEB\"><\/a><\/b><\/p>\n","protected":false},"excerpt":{"rendered":"<p>MENY Mat serveras p\u00e5 v\u00e5ningarna Parkett &amp; Mingel. DESSERT Lollos \u00e4ppelkaka med vaniljf\u00e4rskost 65 kr Kokos\/Mango\/Passion bakelse 75 kr SNACKS Saltrostade mandlar 48 kr Tryffelchips 45 kr Lantchips 38 kr Italienska, gr\u00f6na oliver 30 kr FIKABR\u00d6D Blandade fikabr\u00f6d bl a k\u00e4rleksmums, vaniljhj\u00e4rta &amp; dammsugare 42 kr GODIS Elwings godisburk&nbsp;35 kr Malm\u00f6 choklad (25 gr), olika [&hellip;]<\/p>\n","protected":false},"author":1,"featured_media":1454,"parent":0,"menu_order":0,"comment_status":"closed","ping_status":"closed","template":"","meta":{"footnotes":""},"class_list":["post-1690","page","type-page","status-publish","has-post-thumbnail","hentry"],"_links":{"self":[{"href":"https:\/\/www.cafeberwald.se\/index.php?rest_route=\/wp\/v2\/pages\/1690","targetHints":{"allow":["GET"]}}],"collection":[{"href":"https:\/\/www.cafeberwald.se\/index.php?rest_route=\/wp\/v2\/pages"}],"about":[{"href":"https:\/\/www.cafeberwald.se\/index.php?rest_route=\/wp\/v2\/types\/page"}],"author":[{"embeddable":true,"href":"https:\/\/www.cafeberwald.se\/index.php?rest_route=\/wp\/v2\/users\/1"}],"replies":[{"embeddable":true,"href":"https:\/\/www.cafeberwald.se\/index.php?rest_route=%2Fwp%2Fv2%2Fcomments&post=1690"}],"version-history":[{"count":138,"href":"https:\/\/www.cafeberwald.se\/index.php?rest_route=\/wp\/v2\/pages\/1690\/revisions"}],"predecessor-version":[{"id":4882,"href":"https:\/\/www.cafeberwald.se\/index.php?rest_route=\/wp\/v2\/pages\/1690\/revisions\/4882"}],"wp:featuredmedia":[{"embeddable":true,"href":"https:\/\/www.cafeberwald.se\/index.php?rest_route=\/wp\/v2\/media\/1454"}],"wp:attachment":[{"href":"https:\/\/www.cafeberwald.se\/index.php?rest_route=%2Fwp%2Fv2%2Fmedia&parent=1690"}],"curies":[{"name":"wp","href":"https:\/\/api.w.org\/{rel}","templated":true}]}}