{"id":166,"date":"2014-08-12T15:23:58","date_gmt":"2014-08-12T15:23:58","guid":{"rendered":"https:\/\/www.cafeberwald.se\/?page_id=166"},"modified":"2022-02-07T11:28:25","modified_gmt":"2022-02-07T11:28:25","slug":"om-oss-2","status":"publish","type":"page","link":"https:\/\/www.cafeberwald.se\/?page_id=166","title":{"rendered":"Om oss"},"content":{"rendered":"<p><a href=\"https:\/\/www.cafeberwald.se\/wp-content\/uploads\/2014\/08\/Glad-personal.jpg\"><img loading=\"lazy\" decoding=\"async\" class=\"alignright size-full wp-image-1249\" src=\"https:\/\/www.cafeberwald.se\/wp-content\/uploads\/2014\/08\/Glad-personal.jpg\" alt=\"Glad-personal\" width=\"250\" height=\"250\" srcset=\"https:\/\/www.cafeberwald.se\/wp-content\/uploads\/2014\/08\/Glad-personal.jpg 250w, https:\/\/www.cafeberwald.se\/wp-content\/uploads\/2014\/08\/Glad-personal-150x150.jpg 150w\" sizes=\"auto, (max-width: 250px) 100vw, 250px\" \/><\/a>Bar &amp; Caf\u00e9 Berwald drivs f\u00f6r Sveriges Radio av Elwing &amp; Co.\u00a0i Stockholm AB som\u00a0\u00e4r ett familjef\u00f6retag\u00a0grundat 1991. Vi har ett v\u00e4l etablerat varum\u00e4rke och jobbar med mat, r\u00e5varor och service av h\u00f6g kvalitet. V\u00e5ra uppdrag innefattar catering och evenemang framf\u00f6r allt till f\u00f6retag. V\u00e5ra produktionslokaler finns p\u00e5 Anderstorpsv\u00e4gen 20 i Solna. Vi driver sedan januari 2014 Bar &amp; Caf\u00e9 Berwald p\u00e5 Berwaldhallen i Stockholm.<\/p>\n<p>Elwing &amp; Co. \u00e4r medlemmar i Visita. L\u00e4s mer om oss p\u00e5 <a title=\"Elwing &amp; Co. Catering\" href=\"http:\/\/elwingcatering.se\" target=\"_blank\" rel=\"noopener noreferrer\">elwingcatering.se<\/a> eller kika in i v\u00e5r <a href=\"https:\/\/elwingcateringonline.se\/\" target=\"_blank\" rel=\"noopener noreferrer\">webbshop f\u00f6r catering<\/a>.<\/p>\n<p><a href=\"https:\/\/www.cafeberwald.se\/wp-content\/uploads\/2014\/08\/visita-logo.png\"><img loading=\"lazy\" decoding=\"async\" class=\"size-full wp-image-1204 alignnone\" src=\"https:\/\/www.cafeberwald.se\/wp-content\/uploads\/2014\/08\/visita-logo.png\" alt=\"visita-logo\" width=\"213\" height=\"52\" \/> <\/a><a href=\"https:\/\/www.cafeberwald.se\/wp-content\/uploads\/2021\/09\/Safetovisit2-2.jpg\"><img loading=\"lazy\" decoding=\"async\" class=\"alignleft size-full wp-image-3404\" src=\"https:\/\/www.cafeberwald.se\/wp-content\/uploads\/2021\/09\/Safetovisit2-2.jpg\" alt=\"\" width=\"200\" height=\"286\" \/><\/a><\/p>\n<p><a href=\"https:\/\/www.cafeberwald.se\/wp-content\/uploads\/2021\/09\/Shyssta-villkor.jpg\"><img loading=\"lazy\" decoding=\"async\" class=\"alignleft size-thumbnail wp-image-3399\" src=\"https:\/\/www.cafeberwald.se\/wp-content\/uploads\/2021\/09\/Shyssta-villkor-150x150.jpg\" alt=\"\" width=\"150\" height=\"150\" srcset=\"https:\/\/www.cafeberwald.se\/wp-content\/uploads\/2021\/09\/Shyssta-villkor-150x150.jpg 150w, https:\/\/www.cafeberwald.se\/wp-content\/uploads\/2021\/09\/Shyssta-villkor-300x300.jpg 300w, https:\/\/www.cafeberwald.se\/wp-content\/uploads\/2021\/09\/Shyssta-villkor.jpg 512w\" sizes=\"auto, (max-width: 150px) 100vw, 150px\" \/><\/a><\/p>\n<p><a href=\"https:\/\/www.facebook.com\/elwingcatering\"><strong>Gilla oss p\u00e5 Facebook!<\/strong><\/a><\/p>\n<p><iframe loading=\"lazy\" style=\"border: none; overflow: hidden; width: 500px; height: 35px;\" src=\"\/\/www.facebook.com\/plugins\/like.php?href=https%3A%2F%2Fwww.facebook.com%2Fpages%2FElwing-Co-Catering%2F150155931680229&amp;width=500&amp;layout=standard&amp;action=like&amp;show_faces=false&amp;share=true&amp;height=35&amp;appId=247679798637012\" width=\"320\" height=\"240\" frameborder=\"0\" scrolling=\"no\"><\/iframe><\/p>\n","protected":false},"excerpt":{"rendered":"<p>Bar &amp; Caf\u00e9 Berwald drivs f\u00f6r Sveriges Radio av Elwing &amp; Co.\u00a0i Stockholm AB som\u00a0\u00e4r ett familjef\u00f6retag\u00a0grundat 1991. Vi har ett v\u00e4l etablerat varum\u00e4rke och jobbar med mat, r\u00e5varor och service av h\u00f6g kvalitet. V\u00e5ra uppdrag innefattar catering och evenemang framf\u00f6r allt till f\u00f6retag. V\u00e5ra produktionslokaler finns p\u00e5 Anderstorpsv\u00e4gen 20 i Solna. Vi driver sedan [&hellip;]<\/p>\n","protected":false},"author":1,"featured_media":0,"parent":0,"menu_order":0,"comment_status":"closed","ping_status":"closed","template":"","meta":{"footnotes":""},"class_list":["post-166","page","type-page","status-publish","hentry"],"_links":{"self":[{"href":"https:\/\/www.cafeberwald.se\/index.php?rest_route=\/wp\/v2\/pages\/166","targetHints":{"allow":["GET"]}}],"collection":[{"href":"https:\/\/www.cafeberwald.se\/index.php?rest_route=\/wp\/v2\/pages"}],"about":[{"href":"https:\/\/www.cafeberwald.se\/index.php?rest_route=\/wp\/v2\/types\/page"}],"author":[{"embeddable":true,"href":"https:\/\/www.cafeberwald.se\/index.php?rest_route=\/wp\/v2\/users\/1"}],"replies":[{"embeddable":true,"href":"https:\/\/www.cafeberwald.se\/index.php?rest_route=%2Fwp%2Fv2%2Fcomments&post=166"}],"version-history":[{"count":22,"href":"https:\/\/www.cafeberwald.se\/index.php?rest_route=\/wp\/v2\/pages\/166\/revisions"}],"predecessor-version":[{"id":3638,"href":"https:\/\/www.cafeberwald.se\/index.php?rest_route=\/wp\/v2\/pages\/166\/revisions\/3638"}],"wp:attachment":[{"href":"https:\/\/www.cafeberwald.se\/index.php?rest_route=%2Fwp%2Fv2%2Fmedia&parent=166"}],"curies":[{"name":"wp","href":"https:\/\/api.w.org\/{rel}","templated":true}]}}