{"id":125,"date":"2014-08-12T08:36:27","date_gmt":"2014-08-12T08:36:27","guid":{"rendered":"https:\/\/www.cafeberwald.se\/?page_id=125"},"modified":"2018-06-12T14:27:02","modified_gmt":"2018-06-12T14:27:02","slug":"gruppbokningar","status":"publish","type":"page","link":"https:\/\/www.cafeberwald.se\/?page_id=125","title":{"rendered":"Gruppbokning"},"content":{"rendered":"<p><a href=\"https:\/\/www.cafeberwald.se\/wp-content\/uploads\/2014\/08\/pausbokning-ex3.gif\" rel=\"attachment wp-att-2162\"><img loading=\"lazy\" decoding=\"async\" class=\"alignright size-full wp-image-2162\" src=\"https:\/\/www.cafeberwald.se\/wp-content\/uploads\/2014\/08\/pausbokning-ex3.gif\" alt=\"pausbokning-ex3\" width=\"250\" height=\"250\" \/><\/a><\/p>\n<p>Om ni \u00e4r en <strong>grupp om 10 personer eller fler<\/strong> s\u00e5 <strong>m\u00e5ste mat<\/strong> och helst dryck <strong>alltid f\u00f6rbokas<\/strong>. D\u00e5 ser vi till att ni f\u00e5r sitta tillsammans och ni vet i f\u00f6rv\u00e4g vad ni kommer att \u00e4ta. Gl\u00f6m inte att ta reda p\u00e5 om dina g\u00e4ster har n\u00e5gra allergier och informera oss i s\u00e5 fall detta.<\/p>\n<p>V\u00e4lkommen att kontakta oss\u00a0via mail om du vill g\u00f6ra en gruppbokning p\u00e5 cafe.berwald &#8220;at&#8221; elwingcatering.se.<\/p>\n","protected":false},"excerpt":{"rendered":"<p>Om ni \u00e4r en grupp om 10 personer eller fler s\u00e5 m\u00e5ste mat och helst dryck alltid f\u00f6rbokas. D\u00e5 ser vi till att ni f\u00e5r sitta tillsammans och ni vet i f\u00f6rv\u00e4g vad ni kommer att \u00e4ta. Gl\u00f6m inte att ta reda p\u00e5 om dina g\u00e4ster har n\u00e5gra allergier och informera oss i s\u00e5 fall [&hellip;]<\/p>\n","protected":false},"author":1,"featured_media":0,"parent":0,"menu_order":0,"comment_status":"closed","ping_status":"closed","template":"","meta":{"footnotes":""},"class_list":["post-125","page","type-page","status-publish","hentry"],"_links":{"self":[{"href":"https:\/\/www.cafeberwald.se\/index.php?rest_route=\/wp\/v2\/pages\/125","targetHints":{"allow":["GET"]}}],"collection":[{"href":"https:\/\/www.cafeberwald.se\/index.php?rest_route=\/wp\/v2\/pages"}],"about":[{"href":"https:\/\/www.cafeberwald.se\/index.php?rest_route=\/wp\/v2\/types\/page"}],"author":[{"embeddable":true,"href":"https:\/\/www.cafeberwald.se\/index.php?rest_route=\/wp\/v2\/users\/1"}],"replies":[{"embeddable":true,"href":"https:\/\/www.cafeberwald.se\/index.php?rest_route=%2Fwp%2Fv2%2Fcomments&post=125"}],"version-history":[{"count":13,"href":"https:\/\/www.cafeberwald.se\/index.php?rest_route=\/wp\/v2\/pages\/125\/revisions"}],"predecessor-version":[{"id":2163,"href":"https:\/\/www.cafeberwald.se\/index.php?rest_route=\/wp\/v2\/pages\/125\/revisions\/2163"}],"wp:attachment":[{"href":"https:\/\/www.cafeberwald.se\/index.php?rest_route=%2Fwp%2Fv2%2Fmedia&parent=125"}],"curies":[{"name":"wp","href":"https:\/\/api.w.org\/{rel}","templated":true}]}}